{"id":10,"date":"2016-10-24T17:10:43","date_gmt":"2016-10-24T17:10:43","guid":{"rendered":"http:\/\/tradulix.ch\/de\/?page_id=10"},"modified":"2016-12-20T01:27:06","modified_gmt":"2016-12-20T01:27:06","slug":"kontakt","status":"publish","type":"page","link":"https:\/\/tradulix.ch\/de\/kontakt\/","title":{"rendered":"Kontakt"},"content":{"rendered":"<p style=\"text-align: center;\"><a href=\"http:\/\/tradulix.ch\/en\/contact\">translate<\/a>  &#8211;  <a href=\"http:\/\/tradulix.ch\/fr\/contact\">traduire<\/a>\u00a0 &#8211; \u00a0<a href=\"http:\/\/tradulix.ch\/es\/contacto\">traducir<\/a><\/p>\n<div class=\"t-outer\">\n<div class=\"slim-inner content-spacer\">\n<div class=\"contact-text\">\nTradulix Christine Fahrni \u00dcbersetzungen<br \/>\nDipl. \u00dcbersetzerin SAL<\/p>\n<p>L\u00e4nggasse 56<br \/>\n3600 Thun<\/p>\n<p><a href=\"mailto:info@tradulix.ch\">info@tradulix.ch<\/a><\/p>\n<p>+41 33 222 17 90<\/p>\n<\/div>\n<\/div>\n<\/div>\n","protected":false},"excerpt":{"rendered":"<p>translate &#8211; traduire\u00a0 &#8211; \u00a0traducir Tradulix Christine Fahrni \u00dcbersetzungen Dipl. \u00dcbersetzerin SAL L\u00e4nggasse 56 3600 Thun info@tradulix.ch +41 33 222 17 90<\/p>\n","protected":false},"author":1,"featured_media":0,"parent":0,"menu_order":0,"comment_status":"closed","ping_status":"closed","template":"","meta":{"footnotes":""},"class_list":["post-10","page","type-page","status-publish","hentry"],"_links":{"self":[{"href":"https:\/\/tradulix.ch\/de\/wp-json\/wp\/v2\/pages\/10","targetHints":{"allow":["GET"]}}],"collection":[{"href":"https:\/\/tradulix.ch\/de\/wp-json\/wp\/v2\/pages"}],"about":[{"href":"https:\/\/tradulix.ch\/de\/wp-json\/wp\/v2\/types\/page"}],"author":[{"embeddable":true,"href":"https:\/\/tradulix.ch\/de\/wp-json\/wp\/v2\/users\/1"}],"replies":[{"embeddable":true,"href":"https:\/\/tradulix.ch\/de\/wp-json\/wp\/v2\/comments?post=10"}],"version-history":[{"count":8,"href":"https:\/\/tradulix.ch\/de\/wp-json\/wp\/v2\/pages\/10\/revisions"}],"predecessor-version":[{"id":48,"href":"https:\/\/tradulix.ch\/de\/wp-json\/wp\/v2\/pages\/10\/revisions\/48"}],"wp:attachment":[{"href":"https:\/\/tradulix.ch\/de\/wp-json\/wp\/v2\/media?parent=10"}],"curies":[{"name":"wp","href":"https:\/\/api.w.org\/{rel}","templated":true}]}}