{"id":2,"date":"2016-10-24T16:36:43","date_gmt":"2016-10-24T16:36:43","guid":{"rendered":"http:\/\/tradulix.ch\/de\/?page_id=2"},"modified":"2016-12-20T01:26:38","modified_gmt":"2016-12-20T01:26:38","slug":"sample-page","status":"publish","type":"page","link":"https:\/\/tradulix.ch\/de\/","title":{"rendered":"Home"},"content":{"rendered":"<p style=\"text-align: center;\"><a href=\"http:\/\/tradulix.ch\/en\">translate<\/a>  &#8211;  <a href=\"http:\/\/tradulix.ch\/fr\">traduire<\/a>\u00a0 &#8211; \u00a0<a href=\"http:\/\/tradulix.ch\/es\">traducir<\/a><\/p>\n<div class=\"t-outer\">\n<div class=\"slimish-inner content-spacer\">\n<p>Sie tun sich schwer mit der Anonymit\u00e4t einer Agentur?<\/p>\n<p>Ich erledige Ihren Auftrag pers\u00f6nlich und garantiere eine vertrauliche, zuverl\u00e4ssige und kompetente Zusammenarbeit.<\/p>\n<p>&nbsp;<\/p>\n<p>Ich bin Ihr kreativer und l\u00f6sungsorientierter Sprachpartner in den Bereichen:<\/p>\n<ul>\n<li>Recht<\/li>\n<li>Wirtschaft<\/li>\n<li>Kultur<\/li>\n<li>Gesellschaft<\/li>\n<li>Tourismus<\/li>\n<li>Kr\u00e4uter &amp; Gew\u00fcrze<\/li>\n<\/ul>\n<\/div>\n<\/div>\n","protected":false},"excerpt":{"rendered":"<p>translate &#8211; traduire\u00a0 &#8211; \u00a0traducir Sie tun sich schwer mit der Anonymit\u00e4t einer Agentur? Ich erledige Ihren Auftrag pers\u00f6nlich und garantiere eine vertrauliche, zuverl\u00e4ssige und kompetente Zusammenarbeit. &nbsp; Ich bin Ihr kreativer und l\u00f6sungsorientierter Sprachpartner in den Bereichen: Recht Wirtschaft Kultur Gesellschaft Tourismus Kr\u00e4uter &amp; Gew\u00fcrze<\/p>\n","protected":false},"author":1,"featured_media":0,"parent":0,"menu_order":0,"comment_status":"closed","ping_status":"open","template":"","meta":{"footnotes":""},"class_list":["post-2","page","type-page","status-publish","hentry"],"_links":{"self":[{"href":"https:\/\/tradulix.ch\/de\/wp-json\/wp\/v2\/pages\/2","targetHints":{"allow":["GET"]}}],"collection":[{"href":"https:\/\/tradulix.ch\/de\/wp-json\/wp\/v2\/pages"}],"about":[{"href":"https:\/\/tradulix.ch\/de\/wp-json\/wp\/v2\/types\/page"}],"author":[{"embeddable":true,"href":"https:\/\/tradulix.ch\/de\/wp-json\/wp\/v2\/users\/1"}],"replies":[{"embeddable":true,"href":"https:\/\/tradulix.ch\/de\/wp-json\/wp\/v2\/comments?post=2"}],"version-history":[{"count":9,"href":"https:\/\/tradulix.ch\/de\/wp-json\/wp\/v2\/pages\/2\/revisions"}],"predecessor-version":[{"id":47,"href":"https:\/\/tradulix.ch\/de\/wp-json\/wp\/v2\/pages\/2\/revisions\/47"}],"wp:attachment":[{"href":"https:\/\/tradulix.ch\/de\/wp-json\/wp\/v2\/media?parent=2"}],"curies":[{"name":"wp","href":"https:\/\/api.w.org\/{rel}","templated":true}]}}