{"id":6,"date":"2016-10-24T16:50:23","date_gmt":"2016-10-24T16:50:23","guid":{"rendered":"http:\/\/tradulix.ch\/de\/?page_id=6"},"modified":"2016-12-20T01:27:30","modified_gmt":"2016-12-20T01:27:30","slug":"profil","status":"publish","type":"page","link":"https:\/\/tradulix.ch\/de\/profil\/","title":{"rendered":"Profil"},"content":{"rendered":"<p style=\"text-align: center;\"><a href=\"http:\/\/tradulix.ch\/en\/profile\">translate<\/a>  &#8211;  <a href=\"http:\/\/tradulix.ch\/fr\/profile\">traduire<\/a>\u00a0 &#8211; \u00a0<a href=\"http:\/\/tradulix.ch\/es\/perfil\">traducir<\/a><\/p>\n<div class=\"t-outer\">\n<div class=\"slimish-inner content-spacer\">\n<ul class=\"ul-spread\">\n<li>Teilnahme an Sommerkursen der Universidad Internacional de Andaluc\u00eda sowie an mehreren \u00dcbersetzungsseminaren in der Schweiz<\/li>\n<li>Diplom der SAL im Bereich \u00dcbersetzen im 2004<\/li>\n<li>Auslandaufenthalte in England, Frankreich und Spanien<\/li>\n<li>Mehrj\u00e4hrige T\u00e4tigkeit im kaufm\u00e4nnischen Bereich bei Ernst &amp; Young AG, Prager Dreifuss Rechtsanw\u00e4lte, Assista TCS AG.<\/li>\n<li>Ausbildung zur kaufm\u00e4nnischen Angestellten im Bereich Advokatur mit BMS<\/li>\n<li>Welschlandjahr<\/li>\n<\/ul>\n<\/div>\n<\/div>\n","protected":false},"excerpt":{"rendered":"<p>translate &#8211; traduire\u00a0 &#8211; \u00a0traducir Teilnahme an Sommerkursen der Universidad Internacional de Andaluc\u00eda sowie an mehreren \u00dcbersetzungsseminaren in der Schweiz Diplom der SAL im Bereich \u00dcbersetzen im 2004 Auslandaufenthalte in England, Frankreich und Spanien Mehrj\u00e4hrige T\u00e4tigkeit im kaufm\u00e4nnischen Bereich bei Ernst &amp; Young AG, Prager Dreifuss Rechtsanw\u00e4lte, Assista TCS AG.[&#8230;]<\/p>\n","protected":false},"author":1,"featured_media":0,"parent":0,"menu_order":0,"comment_status":"closed","ping_status":"closed","template":"","meta":{"footnotes":""},"class_list":["post-6","page","type-page","status-publish","hentry"],"_links":{"self":[{"href":"https:\/\/tradulix.ch\/de\/wp-json\/wp\/v2\/pages\/6","targetHints":{"allow":["GET"]}}],"collection":[{"href":"https:\/\/tradulix.ch\/de\/wp-json\/wp\/v2\/pages"}],"about":[{"href":"https:\/\/tradulix.ch\/de\/wp-json\/wp\/v2\/types\/page"}],"author":[{"embeddable":true,"href":"https:\/\/tradulix.ch\/de\/wp-json\/wp\/v2\/users\/1"}],"replies":[{"embeddable":true,"href":"https:\/\/tradulix.ch\/de\/wp-json\/wp\/v2\/comments?post=6"}],"version-history":[{"count":6,"href":"https:\/\/tradulix.ch\/de\/wp-json\/wp\/v2\/pages\/6\/revisions"}],"predecessor-version":[{"id":49,"href":"https:\/\/tradulix.ch\/de\/wp-json\/wp\/v2\/pages\/6\/revisions\/49"}],"wp:attachment":[{"href":"https:\/\/tradulix.ch\/de\/wp-json\/wp\/v2\/media?parent=6"}],"curies":[{"name":"wp","href":"https:\/\/api.w.org\/{rel}","templated":true}]}}