{"id":8,"date":"2016-10-24T17:10:06","date_gmt":"2016-10-24T17:10:06","guid":{"rendered":"http:\/\/tradulix.ch\/de\/?page_id=8"},"modified":"2016-12-20T01:27:58","modified_gmt":"2016-12-20T01:27:58","slug":"sprachen-tarife","status":"publish","type":"page","link":"https:\/\/tradulix.ch\/de\/sprachen-tarife\/","title":{"rendered":"Sprachen &#038; Tarife"},"content":{"rendered":"<p style=\"text-align: center;\"><a href=\"http:\/\/tradulix.ch\/en\/languages-rates\">translate<\/a>  &#8211;  <a href=\"http:\/\/tradulix.ch\/fr\/langues-tarifs\">traduire<\/a>\u00a0 &#8211; \u00a0<a href=\"http:\/\/tradulix.ch\/es\/idiomas-tarifas\">traducir<\/a><\/p>\n<div class=\"t-outer\">\n<div class=\"slimish-inner content-spacer\">\n<p><b>Ausgangssprachen:<\/b><\/br>Franz\u00f6sisch, Englisch, Deutsch, Spanisch<\/p>\n<p><b>Zielsprachen:<\/b><\/br>Deutsch, Franz\u00f6sisch<\/p>\n<p><strong>Zeilentarif:<\/strong><br \/>\nS\u00e4mtliche \u00dcbersetzungen werden in \u00fcbersetzten Normzeichen (1&nbsp;Normzeile entspricht 55 Anschl\u00e4gen inkl. Leerzeichen) verrechnet. Die Zeilenpreise richten sich nach Fachgebiet und Schwierigkeitsgrad des Ausgangstextes sowie nach der gew\u00fcnschten Frist.<\/p>\n<p><strong>Stundentarif: <\/strong><br \/>\nIst eine Abrechnung per Zeilentarif nicht m\u00f6glich (Korrekturlesen, Text\u00fcberarbeitung), wird ein Stundentarif von CHF 120 in Rechnung gestellt.<\/p>\n<p><strong>Mindestpauschale &amp; Spesen<\/strong><br \/>\nDie Mindestpauschale pro Auftrag betr\u00e4gt CHF 50.<\/p>\n<p>Spesen f\u00fcr Beglaubigungen, Kurier usw. werden zus\u00e4tzlich in Rechnung gestellt.<\/p>\n<\/div>\n<\/div>\n","protected":false},"excerpt":{"rendered":"<p>translate &#8211; traduire\u00a0 &#8211; \u00a0traducir Ausgangssprachen:Franz\u00f6sisch, Englisch, Deutsch, Spanisch Zielsprachen:Deutsch, Franz\u00f6sisch Zeilentarif: S\u00e4mtliche \u00dcbersetzungen werden in \u00fcbersetzten Normzeichen (1&nbsp;Normzeile entspricht 55 Anschl\u00e4gen inkl. Leerzeichen) verrechnet. Die Zeilenpreise richten sich nach Fachgebiet und Schwierigkeitsgrad des Ausgangstextes sowie nach der gew\u00fcnschten Frist. Stundentarif: Ist eine Abrechnung per Zeilentarif nicht m\u00f6glich (Korrekturlesen, Text\u00fcberarbeitung),[&#8230;]<\/p>\n","protected":false},"author":1,"featured_media":0,"parent":0,"menu_order":0,"comment_status":"closed","ping_status":"closed","template":"","meta":{"footnotes":""},"class_list":["post-8","page","type-page","status-publish","hentry"],"_links":{"self":[{"href":"https:\/\/tradulix.ch\/de\/wp-json\/wp\/v2\/pages\/8","targetHints":{"allow":["GET"]}}],"collection":[{"href":"https:\/\/tradulix.ch\/de\/wp-json\/wp\/v2\/pages"}],"about":[{"href":"https:\/\/tradulix.ch\/de\/wp-json\/wp\/v2\/types\/page"}],"author":[{"embeddable":true,"href":"https:\/\/tradulix.ch\/de\/wp-json\/wp\/v2\/users\/1"}],"replies":[{"embeddable":true,"href":"https:\/\/tradulix.ch\/de\/wp-json\/wp\/v2\/comments?post=8"}],"version-history":[{"count":11,"href":"https:\/\/tradulix.ch\/de\/wp-json\/wp\/v2\/pages\/8\/revisions"}],"predecessor-version":[{"id":50,"href":"https:\/\/tradulix.ch\/de\/wp-json\/wp\/v2\/pages\/8\/revisions\/50"}],"wp:attachment":[{"href":"https:\/\/tradulix.ch\/de\/wp-json\/wp\/v2\/media?parent=8"}],"curies":[{"name":"wp","href":"https:\/\/api.w.org\/{rel}","templated":true}]}}