{"id":5,"date":"2016-10-25T17:43:21","date_gmt":"2016-10-25T17:43:21","guid":{"rendered":"http:\/\/tradulix.ch\/es\/?page_id=5"},"modified":"2016-12-19T20:45:29","modified_gmt":"2016-12-19T20:45:29","slug":"home","status":"publish","type":"page","link":"https:\/\/tradulix.ch\/es\/","title":{"rendered":"Home"},"content":{"rendered":"<p style=\"text-align: center;\"><a href=\"http:\/\/tradulix.ch\/en\">translate<\/a>  &#8211;  <a href=\"http:\/\/tradulix.ch\">\u00fcbersetzen<\/a>\u00a0 &#8211; \u00a0<a href=\"http:\/\/tradulix.ch\/fr\">traduire<\/a><\/p>\n<div class=\"t-outer\">\n<div class=\"slimish-inner content-spacer\">\n<p>\u00bfEsta teniendo dificultades con el anonimato de una agencia?<\/p>\n<p>Me encargare personalmente de sus traducciones y le garantizo una colaboraci\u00f3n estrictamente confidencial, fiable y competente.<\/p>\n<p>&nbsp;<\/p>\n<p>Soy su socio ling\u00fc\u00edstico creativo y orientado a las soluciones en los \u00e1mbitos siguientes:<\/p>\n<ul>\n<li>Derecho<\/li>\n<li>Econom\u00eda<\/li>\n<li>Cultura<\/li>\n<li>Sociedad<\/li>\n<li>Turismo<\/li>\n<li>Hierbas &amp; Especias<\/li>\n<\/ul>\n<\/div>\n<\/div>\n","protected":false},"excerpt":{"rendered":"<p>translate &#8211; \u00fcbersetzen\u00a0 &#8211; \u00a0traduire \u00bfEsta teniendo dificultades con el anonimato de una agencia? Me encargare personalmente de sus traducciones y le garantizo una colaboraci\u00f3n estrictamente confidencial, fiable y competente. &nbsp; Soy su socio ling\u00fc\u00edstico creativo y orientado a las soluciones en los \u00e1mbitos siguientes: Derecho Econom\u00eda Cultura Sociedad Turismo[&#8230;]<\/p>\n","protected":false},"author":1,"featured_media":0,"parent":0,"menu_order":0,"comment_status":"closed","ping_status":"closed","template":"","meta":{"footnotes":""},"class_list":["post-5","page","type-page","status-publish","hentry"],"_links":{"self":[{"href":"https:\/\/tradulix.ch\/es\/wp-json\/wp\/v2\/pages\/5","targetHints":{"allow":["GET"]}}],"collection":[{"href":"https:\/\/tradulix.ch\/es\/wp-json\/wp\/v2\/pages"}],"about":[{"href":"https:\/\/tradulix.ch\/es\/wp-json\/wp\/v2\/types\/page"}],"author":[{"embeddable":true,"href":"https:\/\/tradulix.ch\/es\/wp-json\/wp\/v2\/users\/1"}],"replies":[{"embeddable":true,"href":"https:\/\/tradulix.ch\/es\/wp-json\/wp\/v2\/comments?post=5"}],"version-history":[{"count":6,"href":"https:\/\/tradulix.ch\/es\/wp-json\/wp\/v2\/pages\/5\/revisions"}],"predecessor-version":[{"id":40,"href":"https:\/\/tradulix.ch\/es\/wp-json\/wp\/v2\/pages\/5\/revisions\/40"}],"wp:attachment":[{"href":"https:\/\/tradulix.ch\/es\/wp-json\/wp\/v2\/media?parent=5"}],"curies":[{"name":"wp","href":"https:\/\/api.w.org\/{rel}","templated":true}]}}