{"id":7,"date":"2016-10-25T17:43:41","date_gmt":"2016-10-25T17:43:41","guid":{"rendered":"http:\/\/tradulix.ch\/es\/?page_id=7"},"modified":"2016-11-07T20:36:47","modified_gmt":"2016-11-07T20:36:47","slug":"perfil","status":"publish","type":"page","link":"https:\/\/tradulix.ch\/es\/perfil\/","title":{"rendered":"Perfil"},"content":{"rendered":"<p style=\"text-align: center;\"><a href=\"http:\/\/tradulix.ch\/en\/profile\">translate<\/a>  &#8211;  <a href=\"http:\/\/tradulix.ch\/de\/profil\">\u00fcbersetzen<\/a>\u00a0 &#8211; \u00a0<a href=\"http:\/\/tradulix.ch\/fr\/profile\">traduire<\/a><\/p>\n<div class=\"t-outer\">\n<div class=\"slimish-inner content-spacer\">\n<ul class=\"ul-spread\">\n<li>Participaci\u00f3n en cursos de verano de la Universidad Internacional de Andaluc\u00eda y tambi\u00e9n en varios seminarios de traducci\u00f3n en Suiza<\/li>\n<li>Diploma de la SAL (Escuela superior de ling\u00fc\u00edsticas aplicadas) en Z\u00farich en el \u00e1mbito de la traducci\u00f3n en 2004<\/li>\n<li>Varias estancias en Inglaterra, Francia y Espa\u00f1a<\/li>\n<li>Activa como empleada de comercio durante varios a\u00f1os con Ernst &amp; Young AG, Prager Dreifuss Abogados, Assista TCS AG.<\/li>\n<li>Formaci\u00f3n como empleada de comercio en un bufete de abogados y escuela de profesi\u00f3n superior<\/li>\n<li>Estancia de un a\u00f1o en la parte franc\u00f3fona de Suiza<\/li>\n<\/ul>\n<\/div>\n<\/div>\n","protected":false},"excerpt":{"rendered":"<p>translate &#8211; \u00fcbersetzen\u00a0 &#8211; \u00a0traduire Participaci\u00f3n en cursos de verano de la Universidad Internacional de Andaluc\u00eda y tambi\u00e9n en varios seminarios de traducci\u00f3n en Suiza Diploma de la SAL (Escuela superior de ling\u00fc\u00edsticas aplicadas) en Z\u00farich en el \u00e1mbito de la traducci\u00f3n en 2004 Varias estancias en Inglaterra, Francia y[&#8230;]<\/p>\n","protected":false},"author":1,"featured_media":0,"parent":0,"menu_order":0,"comment_status":"closed","ping_status":"closed","template":"","meta":{"footnotes":""},"class_list":["post-7","page","type-page","status-publish","hentry"],"_links":{"self":[{"href":"https:\/\/tradulix.ch\/es\/wp-json\/wp\/v2\/pages\/7","targetHints":{"allow":["GET"]}}],"collection":[{"href":"https:\/\/tradulix.ch\/es\/wp-json\/wp\/v2\/pages"}],"about":[{"href":"https:\/\/tradulix.ch\/es\/wp-json\/wp\/v2\/types\/page"}],"author":[{"embeddable":true,"href":"https:\/\/tradulix.ch\/es\/wp-json\/wp\/v2\/users\/1"}],"replies":[{"embeddable":true,"href":"https:\/\/tradulix.ch\/es\/wp-json\/wp\/v2\/comments?post=7"}],"version-history":[{"count":3,"href":"https:\/\/tradulix.ch\/es\/wp-json\/wp\/v2\/pages\/7\/revisions"}],"predecessor-version":[{"id":35,"href":"https:\/\/tradulix.ch\/es\/wp-json\/wp\/v2\/pages\/7\/revisions\/35"}],"wp:attachment":[{"href":"https:\/\/tradulix.ch\/es\/wp-json\/wp\/v2\/media?parent=7"}],"curies":[{"name":"wp","href":"https:\/\/api.w.org\/{rel}","templated":true}]}}