{"id":9,"date":"2016-10-25T17:44:07","date_gmt":"2016-10-25T17:44:07","guid":{"rendered":"http:\/\/tradulix.ch\/es\/?page_id=9"},"modified":"2016-12-19T20:32:52","modified_gmt":"2016-12-19T20:32:52","slug":"idiomas-tarifas","status":"publish","type":"page","link":"https:\/\/tradulix.ch\/es\/idiomas-tarifas\/","title":{"rendered":"Idiomas &#038; Tarifas"},"content":{"rendered":"<p style=\"text-align: center;\"><a href=\"http:\/\/tradulix.ch\/en\/languages-rates\">translate<\/a>  &#8211;  <a href=\"http:\/\/tradulix.ch\/de\/sprachen-tarife\">\u00fcbersetzen<\/a>\u00a0 &#8211; \u00a0<a href=\"http:\/\/tradulix.ch\/fr\/langues-tarifs\">traduire<\/a><\/p>\n<div class=\"t-outer\">\n<div class=\"slimish-inner content-spacer\">\n<p><b>Lenguas de partida:<\/b><\/br>Franc\u00e9s, Ingl\u00e9s, Alem\u00e1n, Espa\u00f1ol<\/p>\n<p><b>Lenguas de llegada:<\/b><\/br>Alem\u00e1n, Franc\u00e9s<\/p>\n<p><strong>Tarifa por l\u00ednea:<\/strong><br \/>\nTodas las traducciones ser\u00e1n facturadas basadas en el nombre de l\u00edneas traducidas (1 l\u00ednea est\u00e1ndar corresponde a 55 caracteres, espacios incluidos). El precio por l\u00ednea varia seg\u00fan el \u00e1mbito, la complejidad del texto de partida y en funci\u00f3n del plazo impartido.<\/p>\n<p><strong>Tarifa por hora: <\/strong><br \/>\nSi una facturaci\u00f3n por l\u00ednea no es posible (correcci\u00f3n, revisi\u00f3n) una tarifa de CHF\u00a0120 por hora ser\u00e1 facturada.<\/p>\n<p><strong>Importe global m\u00ednimo &amp; gastos <\/strong><br \/>\nEl importe global m\u00ednimo es de CHF 50.<\/p>\n<p>Los gastos para autentificaciones, mensajero etc. ser\u00e1n facturados aparte.<\/p>\n<\/div>\n<\/div>\n","protected":false},"excerpt":{"rendered":"<p>translate &#8211; \u00fcbersetzen\u00a0 &#8211; \u00a0traduire Lenguas de partida:Franc\u00e9s, Ingl\u00e9s, Alem\u00e1n, Espa\u00f1ol Lenguas de llegada:Alem\u00e1n, Franc\u00e9s Tarifa por l\u00ednea: Todas las traducciones ser\u00e1n facturadas basadas en el nombre de l\u00edneas traducidas (1 l\u00ednea est\u00e1ndar corresponde a 55 caracteres, espacios incluidos). El precio por l\u00ednea varia seg\u00fan el \u00e1mbito, la complejidad del[&#8230;]<\/p>\n","protected":false},"author":1,"featured_media":0,"parent":0,"menu_order":0,"comment_status":"closed","ping_status":"closed","template":"","meta":{"footnotes":""},"class_list":["post-9","page","type-page","status-publish","hentry"],"_links":{"self":[{"href":"https:\/\/tradulix.ch\/es\/wp-json\/wp\/v2\/pages\/9","targetHints":{"allow":["GET"]}}],"collection":[{"href":"https:\/\/tradulix.ch\/es\/wp-json\/wp\/v2\/pages"}],"about":[{"href":"https:\/\/tradulix.ch\/es\/wp-json\/wp\/v2\/types\/page"}],"author":[{"embeddable":true,"href":"https:\/\/tradulix.ch\/es\/wp-json\/wp\/v2\/users\/1"}],"replies":[{"embeddable":true,"href":"https:\/\/tradulix.ch\/es\/wp-json\/wp\/v2\/comments?post=9"}],"version-history":[{"count":6,"href":"https:\/\/tradulix.ch\/es\/wp-json\/wp\/v2\/pages\/9\/revisions"}],"predecessor-version":[{"id":39,"href":"https:\/\/tradulix.ch\/es\/wp-json\/wp\/v2\/pages\/9\/revisions\/39"}],"wp:attachment":[{"href":"https:\/\/tradulix.ch\/es\/wp-json\/wp\/v2\/media?parent=9"}],"curies":[{"name":"wp","href":"https:\/\/api.w.org\/{rel}","templated":true}]}}