{"id":11,"date":"2016-10-25T17:13:26","date_gmt":"2016-10-25T17:13:26","guid":{"rendered":"http:\/\/tradulix.ch\/fr\/?page_id=11"},"modified":"2016-11-07T20:39:13","modified_gmt":"2016-11-07T20:39:13","slug":"contact","status":"publish","type":"page","link":"https:\/\/tradulix.ch\/fr\/contact\/","title":{"rendered":"Contact"},"content":{"rendered":"<p style=\"text-align: center;\"><a href=\"http:\/\/tradulix.ch\/en\/contact\">translate<\/a>  &#8211;  <a href=\"http:\/\/tradulix.ch\/kontakt\">\u00fcbersetzen<\/a>\u00a0 &#8211; \u00a0<a href=\"http:\/\/tradulix.ch\/es\/contacto\">traducir<\/a><\/p>\n<div class=\"t-outer\">\n<div class=\"slim-inner content-spacer\">\n<div class=\"contact-text\">\n<p>Tradulix Christine Fahrni Traductions<br \/>\nTraductrice dipl\u00f4m\u00e9e SAL<\/p>\n<p>L\u00e4nggasse 56<br \/>\n3600 Thoune<\/p>\n<p><a href=\"mailto:info@tradulix.ch\">info@tradulix.ch<\/a><\/p>\n<p>+41 33 222 17 90<\/p>\n<\/div>\n<\/div>\n<\/div>\n","protected":false},"excerpt":{"rendered":"<p>translate &#8211; \u00fcbersetzen\u00a0 &#8211; \u00a0traducir Tradulix Christine Fahrni Traductions Traductrice dipl\u00f4m\u00e9e SAL L\u00e4nggasse 56 3600 Thoune info@tradulix.ch +41 33 222 17 90<\/p>\n","protected":false},"author":1,"featured_media":0,"parent":0,"menu_order":0,"comment_status":"closed","ping_status":"closed","template":"","meta":{"footnotes":""},"class_list":["post-11","page","type-page","status-publish","hentry"],"_links":{"self":[{"href":"https:\/\/tradulix.ch\/fr\/wp-json\/wp\/v2\/pages\/11","targetHints":{"allow":["GET"]}}],"collection":[{"href":"https:\/\/tradulix.ch\/fr\/wp-json\/wp\/v2\/pages"}],"about":[{"href":"https:\/\/tradulix.ch\/fr\/wp-json\/wp\/v2\/types\/page"}],"author":[{"embeddable":true,"href":"https:\/\/tradulix.ch\/fr\/wp-json\/wp\/v2\/users\/1"}],"replies":[{"embeddable":true,"href":"https:\/\/tradulix.ch\/fr\/wp-json\/wp\/v2\/comments?post=11"}],"version-history":[{"count":7,"href":"https:\/\/tradulix.ch\/fr\/wp-json\/wp\/v2\/pages\/11\/revisions"}],"predecessor-version":[{"id":34,"href":"https:\/\/tradulix.ch\/fr\/wp-json\/wp\/v2\/pages\/11\/revisions\/34"}],"wp:attachment":[{"href":"https:\/\/tradulix.ch\/fr\/wp-json\/wp\/v2\/media?parent=11"}],"curies":[{"name":"wp","href":"https:\/\/api.w.org\/{rel}","templated":true}]}}