{"id":5,"date":"2016-10-25T17:12:04","date_gmt":"2016-10-25T17:12:04","guid":{"rendered":"http:\/\/tradulix.ch\/fr\/?page_id=5"},"modified":"2016-11-07T20:29:18","modified_gmt":"2016-11-07T20:29:18","slug":"home","status":"publish","type":"page","link":"https:\/\/tradulix.ch\/fr\/","title":{"rendered":"home"},"content":{"rendered":"<p style=\"text-align: center;\"><a href=\"http:\/\/tradulix.ch\/en\/\">translate<\/a>  &#8211;  <a href=\"http:\/\/tradulix.ch\">\u00fcbersetzen<\/a>\u00a0 &#8211; \u00a0<a href=\"http:\/\/tradulix.ch\/es\">traducir<\/a><\/p>\n<div class=\"t-outer\">\n<div class=\"slimish-inner content-spacer\">\n<p>Avez-vous du mal avec l\u2019anonymat d\u2019une agence?<\/p>\n<p>Je m\u2019occuperai personnellement de vos traductions et vous garantie une collaboration confidentielle, fiable et comp\u00e9tente.<\/p>\n<p>&nbsp;<\/p>\n<p>Je suis votre partenaire linguistique cr\u00e9ative et orient\u00e9 solution dans les domaines:<\/p>\n<ul>\n<li>droit<\/li>\n<li>\u00e9conomie<\/li>\n<li>culture<\/li>\n<li>soci\u00e9t\u00e9<\/li>\n<li>tourisme<\/li>\n<li>herbes &amp; \u00e9pices<\/li>\n<\/ul>\n<\/div>\n<\/div>\n","protected":false},"excerpt":{"rendered":"<p>translate &#8211; \u00fcbersetzen\u00a0 &#8211; \u00a0traducir Avez-vous du mal avec l\u2019anonymat d\u2019une agence? Je m\u2019occuperai personnellement de vos traductions et vous garantie une collaboration confidentielle, fiable et comp\u00e9tente. &nbsp; Je suis votre partenaire linguistique cr\u00e9ative et orient\u00e9 solution dans les domaines: droit \u00e9conomie culture soci\u00e9t\u00e9 tourisme herbes &amp; \u00e9pices<\/p>\n","protected":false},"author":1,"featured_media":0,"parent":0,"menu_order":0,"comment_status":"closed","ping_status":"closed","template":"","meta":{"footnotes":""},"class_list":["post-5","page","type-page","status-publish","hentry"],"_links":{"self":[{"href":"https:\/\/tradulix.ch\/fr\/wp-json\/wp\/v2\/pages\/5","targetHints":{"allow":["GET"]}}],"collection":[{"href":"https:\/\/tradulix.ch\/fr\/wp-json\/wp\/v2\/pages"}],"about":[{"href":"https:\/\/tradulix.ch\/fr\/wp-json\/wp\/v2\/types\/page"}],"author":[{"embeddable":true,"href":"https:\/\/tradulix.ch\/fr\/wp-json\/wp\/v2\/users\/1"}],"replies":[{"embeddable":true,"href":"https:\/\/tradulix.ch\/fr\/wp-json\/wp\/v2\/comments?post=5"}],"version-history":[{"count":5,"href":"https:\/\/tradulix.ch\/fr\/wp-json\/wp\/v2\/pages\/5\/revisions"}],"predecessor-version":[{"id":28,"href":"https:\/\/tradulix.ch\/fr\/wp-json\/wp\/v2\/pages\/5\/revisions\/28"}],"wp:attachment":[{"href":"https:\/\/tradulix.ch\/fr\/wp-json\/wp\/v2\/media?parent=5"}],"curies":[{"name":"wp","href":"https:\/\/api.w.org\/{rel}","templated":true}]}}