{"id":7,"date":"2016-10-25T17:12:30","date_gmt":"2016-10-25T17:12:30","guid":{"rendered":"http:\/\/tradulix.ch\/fr\/?page_id=7"},"modified":"2016-11-07T20:36:43","modified_gmt":"2016-11-07T20:36:43","slug":"profile","status":"publish","type":"page","link":"https:\/\/tradulix.ch\/fr\/profile\/","title":{"rendered":"Profile"},"content":{"rendered":"<p style=\"text-align: center;\"><a href=\"http:\/\/tradulix.ch\/en\/profile\">translate<\/a>  &#8211;  <a href=\"http:\/\/tradulix.ch\/de\/profil\">\u00fcbersetzen<\/a>\u00a0 &#8211; \u00a0<a href=\"http:\/\/tradulix.ch\/es\/perfil\">traducir<\/a><\/p>\n<div class=\"t-outer\">\n<div class=\"slimish-inner content-spacer\">\n<ul class=\"ul-spread\">\n<li>Participation \u00e0 des cours d\u2019\u00e9t\u00e9 de l\u2019Universit\u00e9 Internationale d\u2019Andalousie et \u00e0 plusieurs s\u00e9minaires de traduction en Suisse<\/li>\n<li>Dipl\u00f4me de la SAL (Haute \u00e9cole de linguistique appliqu\u00e9e) \u00e0 Zurich dans le domaine de la traduction en 2004<\/li>\n<li>Plusieurs s\u00e9jours en Angleterre, France et Espagne<\/li>\n<li>Active en tant qu\u2019employ\u00e9e de commerce pendant plusieurs ann\u00e9es aupr\u00e8s de Ernst &amp; Young AG, Prager Dreifuss Avocats, Assista TCS AG.<\/li>\n<li>Formation dans un cabinet d\u2019avocat comme employ\u00e9e de commerce avec \u00e9cole de profession sup\u00e9rieure<\/li>\n<li>S\u00e9jour d\u2019une ann\u00e9e en Suisse romande<\/li>\n<\/ul>\n<\/div>\n<\/div>\n","protected":false},"excerpt":{"rendered":"<p>translate &#8211; \u00fcbersetzen\u00a0 &#8211; \u00a0traducir Participation \u00e0 des cours d\u2019\u00e9t\u00e9 de l\u2019Universit\u00e9 Internationale d\u2019Andalousie et \u00e0 plusieurs s\u00e9minaires de traduction en Suisse Dipl\u00f4me de la SAL (Haute \u00e9cole de linguistique appliqu\u00e9e) \u00e0 Zurich dans le domaine de la traduction en 2004 Plusieurs s\u00e9jours en Angleterre, France et Espagne Active en[&#8230;]<\/p>\n","protected":false},"author":1,"featured_media":0,"parent":0,"menu_order":0,"comment_status":"closed","ping_status":"closed","template":"","meta":{"footnotes":""},"class_list":["post-7","page","type-page","status-publish","hentry"],"_links":{"self":[{"href":"https:\/\/tradulix.ch\/fr\/wp-json\/wp\/v2\/pages\/7","targetHints":{"allow":["GET"]}}],"collection":[{"href":"https:\/\/tradulix.ch\/fr\/wp-json\/wp\/v2\/pages"}],"about":[{"href":"https:\/\/tradulix.ch\/fr\/wp-json\/wp\/v2\/types\/page"}],"author":[{"embeddable":true,"href":"https:\/\/tradulix.ch\/fr\/wp-json\/wp\/v2\/users\/1"}],"replies":[{"embeddable":true,"href":"https:\/\/tradulix.ch\/fr\/wp-json\/wp\/v2\/comments?post=7"}],"version-history":[{"count":3,"href":"https:\/\/tradulix.ch\/fr\/wp-json\/wp\/v2\/pages\/7\/revisions"}],"predecessor-version":[{"id":33,"href":"https:\/\/tradulix.ch\/fr\/wp-json\/wp\/v2\/pages\/7\/revisions\/33"}],"wp:attachment":[{"href":"https:\/\/tradulix.ch\/fr\/wp-json\/wp\/v2\/media?parent=7"}],"curies":[{"name":"wp","href":"https:\/\/api.w.org\/{rel}","templated":true}]}}