{"id":9,"date":"2016-10-25T17:13:04","date_gmt":"2016-10-25T17:13:04","guid":{"rendered":"http:\/\/tradulix.ch\/fr\/?page_id=9"},"modified":"2016-12-19T20:31:59","modified_gmt":"2016-12-19T20:31:59","slug":"langues-tarifs","status":"publish","type":"page","link":"https:\/\/tradulix.ch\/fr\/langues-tarifs\/","title":{"rendered":"Langues &#038; Tarifs"},"content":{"rendered":"<p style=\"text-align: center;\"><a href=\"http:\/\/tradulix.ch\/en\/languages-rates\">translate<\/a>  &#8211;  <a href=\"http:\/\/tradulix.ch\/de\/sprachen-tarife\">\u00fcbersetzen<\/a>\u00a0 &#8211; \u00a0<a href=\"http:\/\/tradulix.ch\/es\/idiomas-tarifas\">traducir<\/a><\/p>\n<div class=\"t-outer\">\n<div class=\"slimish-inner content-spacer\">\n<p><b>Langues sources\u00a0:<\/b><\/br>Fran\u00e7ais, Anglais, Allemand, Espagnol<\/p>\n<p><b>Langues cibles :<\/b><\/br>Allemand, Fran\u00e7ais<\/p>\n<p><strong>Tarif par ligne:<\/strong><br \/>\nToutes les traductions seront factur\u00e9es sur la base du nombre de lignes standards traduites (1 ligne standard correspond \u00e0 55 caract\u00e8res, espaces y incluses). Le prix par ligne varie selon domaine de sp\u00e9cialisation, complexit\u00e9 du texte source et en fonction du d\u00e9lai imparti.<\/p>\n<p><strong>Tarif par heure: <\/strong><br \/>\nSi une facturation par ligne n\u2019est pas possible (r\u00e9vision, remaniement de textes etc.) un tarif de CHF 120 par heure sera factur\u00e9.<\/p>\n<p><strong>Minimum forfaitaire &amp; frais <\/strong><br \/>\nLe minimum forfaitaire par commande est de CHF 50.<\/p>\n<p>Les frais pour authentifications, coursier etc. seront factur\u00e9s en sus.<\/p>\n<\/div>\n<\/div>\n","protected":false},"excerpt":{"rendered":"<p>translate &#8211; \u00fcbersetzen\u00a0 &#8211; \u00a0traducir Langues sources\u00a0:Fran\u00e7ais, Anglais, Allemand, Espagnol Langues cibles :Allemand, Fran\u00e7ais Tarif par ligne: Toutes les traductions seront factur\u00e9es sur la base du nombre de lignes standards traduites (1 ligne standard correspond \u00e0 55 caract\u00e8res, espaces y incluses). Le prix par ligne varie selon domaine de sp\u00e9cialisation,[&#8230;]<\/p>\n","protected":false},"author":1,"featured_media":0,"parent":0,"menu_order":0,"comment_status":"closed","ping_status":"closed","template":"","meta":{"footnotes":""},"class_list":["post-9","page","type-page","status-publish","hentry"],"_links":{"self":[{"href":"https:\/\/tradulix.ch\/fr\/wp-json\/wp\/v2\/pages\/9","targetHints":{"allow":["GET"]}}],"collection":[{"href":"https:\/\/tradulix.ch\/fr\/wp-json\/wp\/v2\/pages"}],"about":[{"href":"https:\/\/tradulix.ch\/fr\/wp-json\/wp\/v2\/types\/page"}],"author":[{"embeddable":true,"href":"https:\/\/tradulix.ch\/fr\/wp-json\/wp\/v2\/users\/1"}],"replies":[{"embeddable":true,"href":"https:\/\/tradulix.ch\/fr\/wp-json\/wp\/v2\/comments?post=9"}],"version-history":[{"count":7,"href":"https:\/\/tradulix.ch\/fr\/wp-json\/wp\/v2\/pages\/9\/revisions"}],"predecessor-version":[{"id":38,"href":"https:\/\/tradulix.ch\/fr\/wp-json\/wp\/v2\/pages\/9\/revisions\/38"}],"wp:attachment":[{"href":"https:\/\/tradulix.ch\/fr\/wp-json\/wp\/v2\/media?parent=9"}],"curies":[{"name":"wp","href":"https:\/\/api.w.org\/{rel}","templated":true}]}}